{"id":367,"date":"2023-12-06T13:10:39","date_gmt":"2023-12-06T16:10:39","guid":{"rendered":"https:\/\/inovabr.info\/projetos\/chaleiraverde\/?post_type=product&#038;p=367"},"modified":"2023-12-06T13:21:49","modified_gmt":"2023-12-06T16:21:49","slug":"kit-degustacao","status":"publish","type":"product","link":"https:\/\/inovabr.info\/projetos\/chaleiraverde\/produto\/kit-degustacao\/","title":{"rendered":"Kit Degusta\u00e7\u00e3o"},"content":{"rendered":"<p><strong>Deleite-se com uma experi\u00eancia excepcional de sabores e aromas exclusivos<\/strong><\/p>\n<p>Tanto os que j\u00e1 apreciam as riquezas do ch\u00e1 quanto os iniciantes podem desfrutar do sabor atemporal, requintado e arom\u00e1tico dessa bebida milenar, por meio de uma sele\u00e7\u00e3o especial de ch\u00e1s premium totalmente naturais, escolhida criteriosamente para uma experi\u00eancia completa de prazer. O Kit Degusta\u00e7\u00e3o disp\u00f5e de uma variedade selecionada das melhores folhas de ch\u00e1 do mundo, misturadas com frutas arom\u00e1ticas, especiarias e ervas. Seja para alcan\u00e7ar um novo n\u00edvel de foco, melhorar o sistema imunol\u00f3gico, restaurar o corpo ou acalmar a mente, nossos blends fornecem o equil\u00edbrio de que voc\u00ea precisa, elevando o seu bem-estar.<\/p>\n<p><strong>O que vem dentro?<\/strong><\/p>\n<ul>\n<li>As misturas mais desejadas e apreciadas pelos aficionados por ch\u00e1.<\/li>\n<li>Cont\u00e9m 10 envelopes de ch\u00e1 (blends variados), embalados individualmente, com folhas Premium e 100% naturais.<\/li>\n<li>Acompanha Menu Degusta\u00e7\u00e3o &#8211; um guia para explorar todos os benef\u00edcios e sabores.<\/li>\n<\/ul>\n","protected":false},"excerpt":{"rendered":"<p>Um mix de sabores para nutrir corpo, mente e esp\u00edrito.<\/p>\n<ul>\n<li>Conte\u00fado de cada envelope: 6g<\/li>\n<li>Conte\u00fado total: 60g<\/li>\n<\/ul>\n","protected":false},"featured_media":370,"comment_status":"open","ping_status":"closed","template":"","meta":[],"product_cat":[73],"product_tag":[],"class_list":{"0":"post-367","1":"product","2":"type-product","3":"status-publish","4":"has-post-thumbnail","6":"product_cat-kit-degustacao","8":"first","9":"instock","10":"shipping-taxable","11":"purchasable","12":"product-type-simple"},"_links":{"self":[{"href":"https:\/\/inovabr.info\/projetos\/chaleiraverde\/wp-json\/wp\/v2\/product\/367","targetHints":{"allow":["GET"]}}],"collection":[{"href":"https:\/\/inovabr.info\/projetos\/chaleiraverde\/wp-json\/wp\/v2\/product"}],"about":[{"href":"https:\/\/inovabr.info\/projetos\/chaleiraverde\/wp-json\/wp\/v2\/types\/product"}],"replies":[{"embeddable":true,"href":"https:\/\/inovabr.info\/projetos\/chaleiraverde\/wp-json\/wp\/v2\/comments?post=367"}],"wp:featuredmedia":[{"embeddable":true,"href":"https:\/\/inovabr.info\/projetos\/chaleiraverde\/wp-json\/wp\/v2\/media\/370"}],"wp:attachment":[{"href":"https:\/\/inovabr.info\/projetos\/chaleiraverde\/wp-json\/wp\/v2\/media?parent=367"}],"wp:term":[{"taxonomy":"product_cat","embeddable":true,"href":"https:\/\/inovabr.info\/projetos\/chaleiraverde\/wp-json\/wp\/v2\/product_cat?post=367"},{"taxonomy":"product_tag","embeddable":true,"href":"https:\/\/inovabr.info\/projetos\/chaleiraverde\/wp-json\/wp\/v2\/product_tag?post=367"}],"curies":[{"name":"wp","href":"https:\/\/api.w.org\/{rel}","templated":true}]}}