{"id":361,"date":"2023-12-06T11:34:24","date_gmt":"2023-12-06T14:34:24","guid":{"rendered":"https:\/\/inovabr.info\/projetos\/chaleiraverde\/?post_type=product&#038;p=361"},"modified":"2023-12-06T11:43:08","modified_gmt":"2023-12-06T14:43:08","slug":"english-breakfast","status":"publish","type":"product","link":"https:\/\/inovabr.info\/projetos\/chaleiraverde\/produto\/english-breakfast\/","title":{"rendered":"English Breakfast"},"content":{"rendered":"<p><strong>Aprecie o prazer do cl\u00e1ssico mais consumido do mundo<\/strong><\/p>\n<p>O ch\u00e1 preto, produzido a partir das folhas da planta Camellia Sinensis, passa por uma etapa de oxida\u00e7\u00e3o durante o seu processo de produ\u00e7\u00e3o, o que lhe confere cor e sabor caracter\u00edsticos e o diferencia dos outros ch\u00e1s (como o ch\u00e1 branco, verde, amarelo, vermelho e oolong). Al\u00e9m de ser uma bebida de sabor marcante e muito saborosa, o ch\u00e1 preto \u00e9 tamb\u00e9m naturalmente energizante, devido ao seu alto teor de te\u00edna\/cafe\u00edna, o que o torna um \u00f3timo aliado para obter mais \u00e2nimo e disposi\u00e7\u00e3o no dia a dia. E, por ser rico em polifen\u00f3is, o ch\u00e1 preto oferece v\u00e1rios benef\u00edcios a sa\u00fade, assim como o ch\u00e1 verde.<\/p>\n<p><strong>Ingredientes:<\/strong> Blend de ch\u00e1s pretos. N\u00e3o cont\u00e9m gl\u00faten. Cont\u00e9m cafe\u00edna.<\/p>\n<p><strong>Propriedades:<\/strong> Auxilia no combate aos radicais livres. Melhora a disposi\u00e7\u00e3o para as atividades di\u00e1rias. Ajuda na melhora da sa\u00fade do cora\u00e7\u00e3o.<\/p>\n<p><strong>Pa\u00eds de origem:<\/strong> Indon\u00e9sia.<br \/>\n<strong>Perfil de sabor:<\/strong> Encorpado e intenso.<br \/>\n<strong>Recomenda\u00e7\u00f5es:<\/strong> Quente, com ou sem leite.<\/p>\n<p><strong>Preparando ch\u00e1 preto: <\/strong>Para fazer uma x\u00edcara de ch\u00e1, recomendamos colocar uma colher (de ch\u00e1 cheia) de ch\u00e1 preto em 150ml de \u00e1gua a 100\u00b0C. Feito isso, deixe as folhas descansando por 4 a 5 minutos. Coe e aprecie o sabor de um maravilhoso ch\u00e1 preto.<\/p>\n","protected":false},"excerpt":{"rendered":"<p>Cl\u00e1ssico absoluto na Gr\u00e3-Bretanha, forte e encorpado, perfeito para preparar com leite e apreciar no caf\u00e9 da manh\u00e3.<strong> 30g (embalagem: saco pouch).<\/strong><\/p>\n<p><strong><img decoding=\"async\" class=\"alignnone wp-image-362 size-full\" src=\"https:\/\/inovabr.info\/projetos\/chaleiraverde\/wp-content\/uploads\/2023\/12\/chapreto2.png\" alt=\"\" width=\"245\" height=\"55\" \/><\/strong><\/p>\n","protected":false},"featured_media":355,"comment_status":"open","ping_status":"closed","template":"","meta":[],"product_cat":[72],"product_tag":[],"class_list":{"0":"post-361","1":"product","2":"type-product","3":"status-publish","4":"has-post-thumbnail","6":"product_cat-cha-preto","8":"first","9":"instock","10":"shipping-taxable","11":"purchasable","12":"product-type-simple"},"_links":{"self":[{"href":"https:\/\/inovabr.info\/projetos\/chaleiraverde\/wp-json\/wp\/v2\/product\/361","targetHints":{"allow":["GET"]}}],"collection":[{"href":"https:\/\/inovabr.info\/projetos\/chaleiraverde\/wp-json\/wp\/v2\/product"}],"about":[{"href":"https:\/\/inovabr.info\/projetos\/chaleiraverde\/wp-json\/wp\/v2\/types\/product"}],"replies":[{"embeddable":true,"href":"https:\/\/inovabr.info\/projetos\/chaleiraverde\/wp-json\/wp\/v2\/comments?post=361"}],"wp:featuredmedia":[{"embeddable":true,"href":"https:\/\/inovabr.info\/projetos\/chaleiraverde\/wp-json\/wp\/v2\/media\/355"}],"wp:attachment":[{"href":"https:\/\/inovabr.info\/projetos\/chaleiraverde\/wp-json\/wp\/v2\/media?parent=361"}],"wp:term":[{"taxonomy":"product_cat","embeddable":true,"href":"https:\/\/inovabr.info\/projetos\/chaleiraverde\/wp-json\/wp\/v2\/product_cat?post=361"},{"taxonomy":"product_tag","embeddable":true,"href":"https:\/\/inovabr.info\/projetos\/chaleiraverde\/wp-json\/wp\/v2\/product_tag?post=361"}],"curies":[{"name":"wp","href":"https:\/\/api.w.org\/{rel}","templated":true}]}}