{"id":359,"date":"2023-12-06T11:27:00","date_gmt":"2023-12-06T14:27:00","guid":{"rendered":"https:\/\/inovabr.info\/projetos\/chaleiraverde\/?post_type=product&#038;p=359"},"modified":"2023-12-06T11:30:15","modified_gmt":"2023-12-06T14:30:15","slug":"chai-tea","status":"publish","type":"product","link":"https:\/\/inovabr.info\/projetos\/chaleiraverde\/produto\/chai-tea\/","title":{"rendered":"Chai Tea"},"content":{"rendered":"<p><strong>Aprecie o prazer do cl\u00e1ssico mais consumido do mundo<\/strong><\/p>\n<p>O ch\u00e1 preto, produzido a partir das folhas da planta Camellia Sinensis, passa por uma etapa de oxida\u00e7\u00e3o durante o seu processo de produ\u00e7\u00e3o, o que lhe confere cor e sabor caracter\u00edsticos e o diferencia dos outros ch\u00e1s (como o ch\u00e1 branco, verde, amarelo, vermelho e oolong). Al\u00e9m de ser uma bebida de sabor marcante e muito saborosa, o ch\u00e1 preto \u00e9 tamb\u00e9m naturalmente energizante, devido ao seu alto teor de te\u00edna\/cafe\u00edna, o que o torna um \u00f3timo aliado para obter mais \u00e2nimo e disposi\u00e7\u00e3o no dia a dia. E, por ser rico em polifen\u00f3is, o ch\u00e1 preto oferece v\u00e1rios benef\u00edcios a sa\u00fade, assim como o ch\u00e1 verde.<\/p>\n<p><strong>Ingredientes:<\/strong> Ch\u00e1 preto, pimenta, canela, cravo, gengibre, cardamomo, aroma natural. N\u00e3o cont\u00e9m gl\u00faten. Cont\u00e9m cafe\u00edna.<\/p>\n<p><strong>Propriedades:<\/strong> Possui te\u00edna (estimulante natural). Ajuda a melhorar a resposta imunol\u00f3gica. Auxilia na digest\u00e3o. Ameniza a<br \/>\nsensa\u00e7\u00e3o de incha\u00e7o.<\/p>\n<p><strong>Pa\u00eds de origem:<\/strong> Alemanha.<br \/>\n<strong>Perfil de sabor:<\/strong> Laranja e especiarias.<br \/>\n<strong>Recomenda\u00e7\u00f5es:<\/strong> Quente ou gelado, com ou sem leite.<\/p>\n<p><strong>Preparando ch\u00e1 preto: <\/strong>Para fazer uma x\u00edcara de ch\u00e1, recomendamos colocar uma colher (de ch\u00e1 cheia) de ch\u00e1 preto em 150ml de \u00e1gua a 100\u00b0C. Feito isso, deixe as folhas descansando por 4 a 5 minutos. Coe e aprecie o sabor de um maravilhoso ch\u00e1 preto.<\/p>\n","protected":false},"excerpt":{"rendered":"<p>Uma mistura tradicional de especiarias arom\u00e1ticas que tem profundidade de sabor e traz uma sensa\u00e7\u00e3o calorosa de conforto.<strong> 30g (embalagem: saco pouch).<\/strong><\/p>\n<p><strong><img decoding=\"async\" class=\"alignnone wp-image-353 size-full\" src=\"https:\/\/inovabr.info\/projetos\/chaleiraverde\/wp-content\/uploads\/2023\/12\/chapreto.png\" alt=\"\" width=\"244\" height=\"49\" \/><\/strong><\/p>\n","protected":false},"featured_media":352,"comment_status":"open","ping_status":"closed","template":"","meta":[],"product_cat":[72],"product_tag":[],"class_list":{"0":"post-359","1":"product","2":"type-product","3":"status-publish","4":"has-post-thumbnail","6":"product_cat-cha-preto","8":"first","9":"instock","10":"shipping-taxable","11":"purchasable","12":"product-type-simple"},"_links":{"self":[{"href":"https:\/\/inovabr.info\/projetos\/chaleiraverde\/wp-json\/wp\/v2\/product\/359","targetHints":{"allow":["GET"]}}],"collection":[{"href":"https:\/\/inovabr.info\/projetos\/chaleiraverde\/wp-json\/wp\/v2\/product"}],"about":[{"href":"https:\/\/inovabr.info\/projetos\/chaleiraverde\/wp-json\/wp\/v2\/types\/product"}],"replies":[{"embeddable":true,"href":"https:\/\/inovabr.info\/projetos\/chaleiraverde\/wp-json\/wp\/v2\/comments?post=359"}],"wp:featuredmedia":[{"embeddable":true,"href":"https:\/\/inovabr.info\/projetos\/chaleiraverde\/wp-json\/wp\/v2\/media\/352"}],"wp:attachment":[{"href":"https:\/\/inovabr.info\/projetos\/chaleiraverde\/wp-json\/wp\/v2\/media?parent=359"}],"wp:term":[{"taxonomy":"product_cat","embeddable":true,"href":"https:\/\/inovabr.info\/projetos\/chaleiraverde\/wp-json\/wp\/v2\/product_cat?post=359"},{"taxonomy":"product_tag","embeddable":true,"href":"https:\/\/inovabr.info\/projetos\/chaleiraverde\/wp-json\/wp\/v2\/product_tag?post=359"}],"curies":[{"name":"wp","href":"https:\/\/api.w.org\/{rel}","templated":true}]}}