{"id":342,"date":"2023-12-06T10:59:03","date_gmt":"2023-12-06T13:59:03","guid":{"rendered":"https:\/\/inovabr.info\/projetos\/chaleiraverde\/?post_type=product&#038;p=342"},"modified":"2023-12-06T11:08:30","modified_gmt":"2023-12-06T14:08:30","slug":"rooibos-i-feel-calm","status":"publish","type":"product","link":"https:\/\/inovabr.info\/projetos\/chaleiraverde\/produto\/rooibos-i-feel-calm\/","title":{"rendered":"Rooibos I Feel Calm"},"content":{"rendered":"<p><strong>O sabor original da \u00c1frica do Sul <\/strong><\/p>\n<p>Incomparavelmente delicioso, puro ou na forma de blend. \u00c9 uma bebida arom\u00e1tica, suave e ligeiramente doce. Al\u00e9m disso, possui ativos valios\u00edssimos como minerais e oligoelementos que ajudam a melhorar a sa\u00fade do corpo como um todo. Por n\u00e3o conter cafe\u00edna, pode ser tranquilamente consumido qualquer hora do dia.<\/p>\n<p><strong>Ingredientes:<\/strong> Ch\u00e1 rooibos, camomila, damiana, valeriana, alecrim, erva-cidreira, aroma natural. Sabor: camomila e laranja.<br \/>\nN\u00e3o cont\u00e9m gl\u00faten. N\u00e3o cont\u00e9m cafe\u00edna.<\/p>\n<p><strong>Propriedades:<\/strong> Possui propriedades calmantes. Ajuda a combater a ansiedade. Auxilia na melhora do sono.<\/p>\n<p><strong>Pa\u00eds de origem:<\/strong> Alemanha.<br \/>\n<strong>Perfil de sabor:<\/strong> Floral e ervas.<br \/>\n<strong>Recomenda\u00e7\u00f5es:<\/strong> Quente ou gelado.<\/p>\n<p><strong>ROOIBOS CREMOSO<\/strong><\/p>\n<ul>\n<li>1 colher (ch\u00e1) de rooibos<\/li>\n<li>150ml de leite (use o de sua prefer\u00eancia)<\/li>\n<li>15g de chocolate (em barra)<\/li>\n<\/ul>\n<p><strong>Modo de preparo: <\/strong>Coloque o leite em uma vasilha e leve ao fogo at\u00e9 levantar fervura. Desligue o fogo e acrescente o rooibos. Tampe e deixe descansar por 5 a 8 minutos. Coe com uma peneira e adicione o chocolate. Utilize um mixer ou liquidificador para deixar o ch\u00e1 cremoso. Se desejar, adicione uma colher de chantili sobre o ch\u00e1.<\/p>\n","protected":false},"excerpt":{"rendered":"<p>Venha descansar. Para um sono reparador de maneira natural. <strong>30g (embalagem: saco pouch).<\/strong><\/p>\n<p><strong><img decoding=\"async\" class=\"alignnone wp-image-341 size-full\" src=\"https:\/\/inovabr.info\/projetos\/chaleiraverde\/wp-content\/uploads\/2023\/12\/rooiboshotchocolate.png\" alt=\"\" width=\"250\" height=\"60\" srcset=\"https:\/\/inovabr.info\/projetos\/chaleiraverde\/wp-content\/uploads\/2023\/12\/rooiboshotchocolate.png 250w, https:\/\/inovabr.info\/projetos\/chaleiraverde\/wp-content\/uploads\/2023\/12\/rooiboshotchocolate-247x60.png 247w\" sizes=\"(max-width: 250px) 100vw, 250px\" \/><\/strong><\/p>\n","protected":false},"featured_media":338,"comment_status":"open","ping_status":"closed","template":"","meta":[],"product_cat":[70],"product_tag":[],"class_list":{"0":"post-342","1":"product","2":"type-product","3":"status-publish","4":"has-post-thumbnail","6":"product_cat-rooibos","8":"first","9":"instock","10":"shipping-taxable","11":"purchasable","12":"product-type-simple"},"_links":{"self":[{"href":"https:\/\/inovabr.info\/projetos\/chaleiraverde\/wp-json\/wp\/v2\/product\/342","targetHints":{"allow":["GET"]}}],"collection":[{"href":"https:\/\/inovabr.info\/projetos\/chaleiraverde\/wp-json\/wp\/v2\/product"}],"about":[{"href":"https:\/\/inovabr.info\/projetos\/chaleiraverde\/wp-json\/wp\/v2\/types\/product"}],"replies":[{"embeddable":true,"href":"https:\/\/inovabr.info\/projetos\/chaleiraverde\/wp-json\/wp\/v2\/comments?post=342"}],"wp:featuredmedia":[{"embeddable":true,"href":"https:\/\/inovabr.info\/projetos\/chaleiraverde\/wp-json\/wp\/v2\/media\/338"}],"wp:attachment":[{"href":"https:\/\/inovabr.info\/projetos\/chaleiraverde\/wp-json\/wp\/v2\/media?parent=342"}],"wp:term":[{"taxonomy":"product_cat","embeddable":true,"href":"https:\/\/inovabr.info\/projetos\/chaleiraverde\/wp-json\/wp\/v2\/product_cat?post=342"},{"taxonomy":"product_tag","embeddable":true,"href":"https:\/\/inovabr.info\/projetos\/chaleiraverde\/wp-json\/wp\/v2\/product_tag?post=342"}],"curies":[{"name":"wp","href":"https:\/\/api.w.org\/{rel}","templated":true}]}}