{"id":328,"date":"2023-12-06T10:35:11","date_gmt":"2023-12-06T13:35:11","guid":{"rendered":"https:\/\/inovabr.info\/projetos\/chaleiraverde\/?post_type=product&#038;p=328"},"modified":"2023-12-06T10:41:27","modified_gmt":"2023-12-06T13:41:27","slug":"agua-de-jamaica","status":"publish","type":"product","link":"https:\/\/inovabr.info\/projetos\/chaleiraverde\/produto\/agua-de-jamaica\/","title":{"rendered":"\u00c1gua de Jamaica"},"content":{"rendered":"<p><strong>Frutada, deliciosa e colorida<\/strong><\/p>\n<p>A infus\u00e3o de frutas \u00e9 um cl\u00e1ssico entre as bebidas de infus\u00e3o. Uma excelente op\u00e7\u00e3o para quem pretende diminuir o<br \/>\nconsumo de sucos e refrigerantes, pois estes blends possuem baixo teor cal\u00f3rico, s\u00e3o ricos em antioxidantes e n\u00e3o cont\u00eam<br \/>\ncafe\u00edna, podendo ser ingeridos a qualquer hora do dia. Os blends de frutas s\u00e3o especialmente saborosos e podem ser consumidos quentes, gelados e na forma de drinks.<\/p>\n<p><strong>Ingredientes:<\/strong> Flores de hibisco, rosa mosqueta, cenoura, tangerina, lascas de coco, ma\u00e7\u00e3, ch\u00e1 branco Anji White, morango, aroma natural. N\u00e3o cont\u00e9m gl\u00faten. Cont\u00e9m cafe\u00edna.<\/p>\n<p><strong>Propriedades:<\/strong> Possui a\u00e7\u00e3o antiinflamat\u00f3ria e diur\u00e9tica. Rico em antioxidantes e vitaminas A, C e E.<\/p>\n<p><strong>Pa\u00eds de origem:<\/strong> Alemanha.<br \/>\n<strong>Perfil de sabor:<\/strong> Frutado e doce<strong>.<\/strong><br \/>\n<strong>Recomenda\u00e7\u00f5es:<\/strong> Quente ou gelado.<\/p>\n<p><strong>Preparando ch\u00e1 gelado:<\/strong> Fa\u00e7a o ch\u00e1 ou infus\u00e3o de sua prefer\u00eancia e acrescente gelo. Se preferir, coloque na geladeira at\u00e9 que ele atinja a temperatura desejada. O resultado \u00e9 uma bebida saborosa e refrescante.<\/p>\n","protected":false},"excerpt":{"rendered":"<p>Uma composi\u00e7\u00e3o ex\u00f3tica com sabor de kiwi e figo da \u00cdndia que traz a energia do sol para o seu momento. <strong>30g (embalagem: saco pouch).<\/strong><\/p>\n<p><strong><img decoding=\"async\" class=\"alignnone wp-image-330 size-full\" src=\"https:\/\/inovabr.info\/projetos\/chaleiraverde\/wp-content\/uploads\/2023\/12\/aguadejamaica.png\" alt=\"\" width=\"256\" height=\"50\" \/><\/strong><\/p>\n","protected":false},"featured_media":329,"comment_status":"open","ping_status":"closed","template":"","meta":[],"product_cat":[69],"product_tag":[],"class_list":{"0":"post-328","1":"product","2":"type-product","3":"status-publish","4":"has-post-thumbnail","6":"product_cat-infusao-de-frutas","8":"first","9":"instock","10":"shipping-taxable","11":"purchasable","12":"product-type-simple"},"_links":{"self":[{"href":"https:\/\/inovabr.info\/projetos\/chaleiraverde\/wp-json\/wp\/v2\/product\/328","targetHints":{"allow":["GET"]}}],"collection":[{"href":"https:\/\/inovabr.info\/projetos\/chaleiraverde\/wp-json\/wp\/v2\/product"}],"about":[{"href":"https:\/\/inovabr.info\/projetos\/chaleiraverde\/wp-json\/wp\/v2\/types\/product"}],"replies":[{"embeddable":true,"href":"https:\/\/inovabr.info\/projetos\/chaleiraverde\/wp-json\/wp\/v2\/comments?post=328"}],"wp:featuredmedia":[{"embeddable":true,"href":"https:\/\/inovabr.info\/projetos\/chaleiraverde\/wp-json\/wp\/v2\/media\/329"}],"wp:attachment":[{"href":"https:\/\/inovabr.info\/projetos\/chaleiraverde\/wp-json\/wp\/v2\/media?parent=328"}],"wp:term":[{"taxonomy":"product_cat","embeddable":true,"href":"https:\/\/inovabr.info\/projetos\/chaleiraverde\/wp-json\/wp\/v2\/product_cat?post=328"},{"taxonomy":"product_tag","embeddable":true,"href":"https:\/\/inovabr.info\/projetos\/chaleiraverde\/wp-json\/wp\/v2\/product_tag?post=328"}],"curies":[{"name":"wp","href":"https:\/\/api.w.org\/{rel}","templated":true}]}}