{"id":321,"date":"2023-12-06T09:54:02","date_gmt":"2023-12-06T12:54:02","guid":{"rendered":"https:\/\/inovabr.info\/projetos\/chaleiraverde\/?post_type=product&#038;p=321"},"modified":"2023-12-06T10:30:43","modified_gmt":"2023-12-06T13:30:43","slug":"fit-for-the-day","status":"publish","type":"product","link":"https:\/\/inovabr.info\/projetos\/chaleiraverde\/produto\/fit-for-the-day\/","title":{"rendered":"Fit For The Day"},"content":{"rendered":"<p><strong>A combina\u00e7\u00e3o de diferentes ervas cria aromas e experi\u00eancias \u00fanicas<\/strong><\/p>\n<p>As infus\u00f5es de ervas s\u00e3o uma \u00f3tima aposta para quem busca incluir mais sa\u00fade e sabor na rotina di\u00e1ria. E, por serem livres de cafe\u00edna e ricas em subst\u00e2ncias antioxidantes, elas podem ser ingeridas a qualquer hora do dia. Al\u00e9m disso, as infus\u00f5es de ervas apresentam uma diversidade de sabores e aromas. Dif\u00edcil n\u00e3o se apaixonar! Todas as mesclas de ervas da Chaleira Verde s\u00e3o produzidas com ingredientes premium, colhidos nas melhores regi\u00f5es produtoras de ch\u00e1 do mundo, que atendem aos mais altos padr\u00f5es de qualidade e pureza. Inclua as infus\u00f5es de ervas na sua rotina para um dia a dia mais leve, saboroso e saud\u00e1vel.<\/p>\n<p><strong>Ingredientes:<\/strong> Papaia, peda\u00e7os de gengibre, capim lim\u00e3o, folhas de amora preta, laranja, sabugueiro, flores de verbasco.<\/p>\n<p><strong>Sabor:<\/strong> gengibre, capim lim\u00e3o e laranja. N\u00e3o cont\u00e9m gl\u00faten. N\u00e3o cont\u00e9m cafe\u00edna.<\/p>\n<p><strong>Propriedades:<\/strong> Possui propriedades relaxantes. Auxilia na redu\u00e7\u00e3o do estresse. Ajuda na regula\u00e7\u00e3o hormonal.<\/p>\n<p><strong>Pa\u00eds de origem:<\/strong> Alemanha.<br \/>\n<strong>Perfil de sabor:<\/strong> C\u00edtrico<strong>.<\/strong><br \/>\n<strong>Recomenda\u00e7\u00f5es:<\/strong> Quente ou gelado.<\/p>\n<p><strong>Preparando infus\u00f5es de ervas e frutas: <\/strong>Para preparar uma infus\u00e3o de ervas ou frutas, coloque de 1 a 2 colheres de ervas ou frutas (colher de ch\u00e1) em 150ml de \u00e1gua quente (100\u00b0C). Deixe descansar por 8 a 10 minutos. Coe e sinta o delicioso sabor e aroma que essas infus\u00f5es proporcionam.<\/p>\n","protected":false},"excerpt":{"rendered":"<p>Revigorante, revitalizante. Um est\u00edmulo energ\u00e9tico para o seu dia. <strong>30g (embalagem: saco pouch).<\/strong><\/p>\n<p><strong><img decoding=\"async\" class=\"alignnone wp-image-322 size-full\" src=\"https:\/\/inovabr.info\/projetos\/chaleiraverde\/wp-content\/uploads\/2023\/12\/orietacaofitfortheday.png\" alt=\"\" width=\"248\" height=\"52\" \/><\/strong><\/p>\n","protected":false},"featured_media":316,"comment_status":"open","ping_status":"closed","template":"","meta":[],"product_cat":[68],"product_tag":[],"class_list":{"0":"post-321","1":"product","2":"type-product","3":"status-publish","4":"has-post-thumbnail","6":"product_cat-infusao-de-ervas","8":"first","9":"instock","10":"shipping-taxable","11":"purchasable","12":"product-type-simple"},"_links":{"self":[{"href":"https:\/\/inovabr.info\/projetos\/chaleiraverde\/wp-json\/wp\/v2\/product\/321","targetHints":{"allow":["GET"]}}],"collection":[{"href":"https:\/\/inovabr.info\/projetos\/chaleiraverde\/wp-json\/wp\/v2\/product"}],"about":[{"href":"https:\/\/inovabr.info\/projetos\/chaleiraverde\/wp-json\/wp\/v2\/types\/product"}],"replies":[{"embeddable":true,"href":"https:\/\/inovabr.info\/projetos\/chaleiraverde\/wp-json\/wp\/v2\/comments?post=321"}],"wp:featuredmedia":[{"embeddable":true,"href":"https:\/\/inovabr.info\/projetos\/chaleiraverde\/wp-json\/wp\/v2\/media\/316"}],"wp:attachment":[{"href":"https:\/\/inovabr.info\/projetos\/chaleiraverde\/wp-json\/wp\/v2\/media?parent=321"}],"wp:term":[{"taxonomy":"product_cat","embeddable":true,"href":"https:\/\/inovabr.info\/projetos\/chaleiraverde\/wp-json\/wp\/v2\/product_cat?post=321"},{"taxonomy":"product_tag","embeddable":true,"href":"https:\/\/inovabr.info\/projetos\/chaleiraverde\/wp-json\/wp\/v2\/product_tag?post=321"}],"curies":[{"name":"wp","href":"https:\/\/api.w.org\/{rel}","templated":true}]}}