{"id":304,"date":"2023-12-04T13:14:06","date_gmt":"2023-12-04T16:14:06","guid":{"rendered":"https:\/\/inovabr.info\/projetos\/chaleiraverde\/?page_id=304"},"modified":"2023-12-08T16:48:45","modified_gmt":"2023-12-08T19:48:45","slug":"sobre","status":"publish","type":"page","link":"https:\/\/inovabr.info\/projetos\/chaleiraverde\/sobre\/","title":{"rendered":"Sobre"},"content":{"rendered":"\t\t<div data-elementor-type=\"wp-page\" data-elementor-id=\"304\" class=\"elementor elementor-304\" data-elementor-post-type=\"page\">\n\t\t\t\t\t\t\t\t\t<section class=\"elementor-section elementor-top-section elementor-element elementor-element-caf2b34 elementor-section-boxed elementor-section-height-default elementor-section-height-default\" data-id=\"caf2b34\" data-element_type=\"section\" data-settings=\"{&quot;background_background&quot;:&quot;gradient&quot;}\">\n\t\t\t\t\t\t<div class=\"elementor-container elementor-column-gap-default\">\n\t\t\t\t\t<div class=\"elementor-column elementor-col-50 elementor-top-column elementor-element elementor-element-ff8537f\" data-id=\"ff8537f\" data-element_type=\"column\">\n\t\t\t<div class=\"elementor-widget-wrap elementor-element-populated\">\n\t\t\t\t\t\t\t\t<div class=\"elementor-element elementor-element-e52b3ff elementor-widget elementor-widget-image\" data-id=\"e52b3ff\" data-element_type=\"widget\" data-widget_type=\"image.default\">\n\t\t\t\t<div class=\"elementor-widget-container\">\n\t\t\t<style>\/*! elementor - v3.18.0 - 06-12-2023 *\/\n.elementor-widget-image{text-align:center}.elementor-widget-image a{display:inline-block}.elementor-widget-image a img[src$=\".svg\"]{width:48px}.elementor-widget-image img{vertical-align:middle;display:inline-block}<\/style>\t\t\t\t\t\t\t\t\t\t\t\t<img fetchpriority=\"high\" decoding=\"async\" width=\"481\" height=\"490\" src=\"https:\/\/inovabr.info\/projetos\/chaleiraverde\/wp-content\/uploads\/2023\/12\/Sobre-01.png\" class=\"attachment-full size-full wp-image-650\" alt=\"\" srcset=\"https:\/\/inovabr.info\/projetos\/chaleiraverde\/wp-content\/uploads\/2023\/12\/Sobre-01.png 481w, https:\/\/inovabr.info\/projetos\/chaleiraverde\/wp-content\/uploads\/2023\/12\/Sobre-01-393x400.png 393w, https:\/\/inovabr.info\/projetos\/chaleiraverde\/wp-content\/uploads\/2023\/12\/Sobre-01-64x65.png 64w\" sizes=\"(max-width: 481px) 100vw, 481px\" \/>\t\t\t\t\t\t\t\t\t\t\t\t\t\t\t<\/div>\n\t\t\t\t<\/div>\n\t\t\t\t\t<\/div>\n\t\t<\/div>\n\t\t\t\t<div class=\"elementor-column elementor-col-50 elementor-top-column elementor-element elementor-element-eee1910\" data-id=\"eee1910\" data-element_type=\"column\">\n\t\t\t<div class=\"elementor-widget-wrap elementor-element-populated\">\n\t\t\t\t\t\t\t\t<div class=\"elementor-element elementor-element-1f57881 elementor-widget elementor-widget-heading\" data-id=\"1f57881\" data-element_type=\"widget\" data-widget_type=\"heading.default\">\n\t\t\t\t<div class=\"elementor-widget-container\">\n\t\t\t<style>\/*! elementor - v3.18.0 - 06-12-2023 *\/\n.elementor-heading-title{padding:0;margin:0;line-height:1}.elementor-widget-heading .elementor-heading-title[class*=elementor-size-]>a{color:inherit;font-size:inherit;line-height:inherit}.elementor-widget-heading .elementor-heading-title.elementor-size-small{font-size:15px}.elementor-widget-heading .elementor-heading-title.elementor-size-medium{font-size:19px}.elementor-widget-heading .elementor-heading-title.elementor-size-large{font-size:29px}.elementor-widget-heading .elementor-heading-title.elementor-size-xl{font-size:39px}.elementor-widget-heading .elementor-heading-title.elementor-size-xxl{font-size:59px}<\/style><h2 class=\"elementor-heading-title elementor-size-default\">Tudo sobre a nossa hist\u00f3ria<\/h2>\t\t<\/div>\n\t\t\t\t<\/div>\n\t\t\t\t<div class=\"elementor-element elementor-element-dca1932 elementor-widget elementor-widget-text-editor\" data-id=\"dca1932\" data-element_type=\"widget\" data-widget_type=\"text-editor.default\">\n\t\t\t\t<div class=\"elementor-widget-container\">\n\t\t\t<style>\/*! elementor - v3.18.0 - 06-12-2023 *\/\n.elementor-widget-text-editor.elementor-drop-cap-view-stacked .elementor-drop-cap{background-color:#69727d;color:#fff}.elementor-widget-text-editor.elementor-drop-cap-view-framed .elementor-drop-cap{color:#69727d;border:3px solid;background-color:transparent}.elementor-widget-text-editor:not(.elementor-drop-cap-view-default) .elementor-drop-cap{margin-top:8px}.elementor-widget-text-editor:not(.elementor-drop-cap-view-default) .elementor-drop-cap-letter{width:1em;height:1em}.elementor-widget-text-editor .elementor-drop-cap{float:left;text-align:center;line-height:1;font-size:50px}.elementor-widget-text-editor .elementor-drop-cap-letter{display:inline-block}<\/style>\t\t\t\t<p>Yorem ipsum dolor sit amet, consectetur adipiscing elit. Etiam eu turpis molestie, dictum est a, mattis tellus. Sed dignissim, metus nec fringilla accumsan, risus sem sollicitudin lacus, ut interdum tellus elit sed risus. Maecenas eget condimentum velit, sit amet feugiat lectus. Class aptent taciti sociosqu ad litora torquent per conubia nostra, per inceptos himenaeos. Praesent auctor purus luctus enim egestas, ac scelerisque ante pulvinar. Donec ut rhoncus ex. Suspendisse ac rhoncus nisl, eu tempor urna. Curabitur vel bibendum lorem. Morbi convallis convallis diam sit amet lacinia. Aliquam in elementum tellus.<\/p>\t\t\t\t\t\t<\/div>\n\t\t\t\t<\/div>\n\t\t\t\t\t<\/div>\n\t\t<\/div>\n\t\t\t\t\t\t\t<\/div>\n\t\t<\/section>\n\t\t\t\t<section class=\"elementor-section elementor-top-section elementor-element elementor-element-17f2525 elementor-section-boxed elementor-section-height-default elementor-section-height-default\" data-id=\"17f2525\" data-element_type=\"section\" data-settings=\"{&quot;background_background&quot;:&quot;classic&quot;}\">\n\t\t\t\t\t\t<div class=\"elementor-container elementor-column-gap-default\">\n\t\t\t\t\t<div class=\"elementor-column elementor-col-100 elementor-top-column elementor-element elementor-element-de45a25\" data-id=\"de45a25\" data-element_type=\"column\">\n\t\t\t<div class=\"elementor-widget-wrap elementor-element-populated\">\n\t\t\t\t\t\t\t\t<section class=\"elementor-section elementor-inner-section elementor-element elementor-element-1f0de99 elementor-section-boxed elementor-section-height-default elementor-section-height-default\" data-id=\"1f0de99\" data-element_type=\"section\">\n\t\t\t\t\t\t<div class=\"elementor-container elementor-column-gap-default\">\n\t\t\t\t\t<div class=\"elementor-column elementor-col-33 elementor-inner-column elementor-element elementor-element-b229bd3\" data-id=\"b229bd3\" data-element_type=\"column\" data-settings=\"{&quot;background_background&quot;:&quot;classic&quot;}\">\n\t\t\t<div class=\"elementor-widget-wrap elementor-element-populated\">\n\t\t\t\t\t\t\t\t<div class=\"elementor-element elementor-element-d32bf40 elementor-view-default elementor-position-top elementor-mobile-position-top elementor-widget elementor-widget-icon-box\" data-id=\"d32bf40\" data-element_type=\"widget\" data-widget_type=\"icon-box.default\">\n\t\t\t\t<div class=\"elementor-widget-container\">\n\t\t\t<link rel=\"stylesheet\" href=\"https:\/\/inovabr.info\/projetos\/chaleiraverde\/wp-content\/plugins\/elementor\/assets\/css\/widget-icon-box.min.css\">\t\t<div class=\"elementor-icon-box-wrapper\">\n\t\t\t\t\t\t<div class=\"elementor-icon-box-icon\">\n\t\t\t\t<span  class=\"elementor-icon elementor-animation-\">\n\t\t\t\t<svg xmlns=\"http:\/\/www.w3.org\/2000\/svg\" width=\"81\" height=\"81\" viewBox=\"0 0 81 81\" fill=\"none\"><rect x=\"0.113281\" y=\"0.380737\" width=\"80\" height=\"80\" rx=\"5\" fill=\"#D1E076\"><\/rect><path d=\"M63.1133 27.4432H47.1133V20.3807C47.1133 19.2745 46.2195 18.3807 45.1133 18.3807H19.6133V15.8807C19.6133 15.6057 19.3883 15.3807 19.1133 15.3807H15.6133C15.3383 15.3807 15.1133 15.6057 15.1133 15.8807V64.8807C15.1133 65.1557 15.3383 65.3807 15.6133 65.3807H19.1133C19.3883 65.3807 19.6133 65.1557 19.6133 64.8807V48.3807H35.1133V55.4432C35.1133 56.5495 36.007 57.4432 37.1133 57.4432H63.1133C64.2195 57.4432 65.1133 56.5495 65.1133 55.4432V29.4432C65.1133 28.337 64.2195 27.4432 63.1133 27.4432Z\" fill=\"#404B1C\"><\/path><\/svg>\t\t\t\t<\/span>\n\t\t\t<\/div>\n\t\t\t\t\t\t<div class=\"elementor-icon-box-content\">\n\t\t\t\t<h3 class=\"elementor-icon-box-title\">\n\t\t\t\t\t<span  >\n\t\t\t\t\t\tMiss\u00e3o\t\t\t\t\t<\/span>\n\t\t\t\t<\/h3>\n\t\t\t\t\t\t\t\t\t<p class=\"elementor-icon-box-description\">\n\t\t\t\t\t\tLorem ipsum dolor sit amet, consectetur adipiscing elit. Ut elit tellus, luctus nec ullamcorper mattis, pulvinar dapibus leo.\t\t\t\t\t<\/p>\n\t\t\t\t\t\t\t<\/div>\n\t\t<\/div>\n\t\t\t\t<\/div>\n\t\t\t\t<\/div>\n\t\t\t\t\t<\/div>\n\t\t<\/div>\n\t\t\t\t<div class=\"elementor-column elementor-col-33 elementor-inner-column elementor-element elementor-element-9bfda1e\" data-id=\"9bfda1e\" data-element_type=\"column\" data-settings=\"{&quot;background_background&quot;:&quot;classic&quot;}\">\n\t\t\t<div class=\"elementor-widget-wrap elementor-element-populated\">\n\t\t\t\t\t\t\t\t<div class=\"elementor-element elementor-element-bada235 elementor-view-default elementor-position-top elementor-mobile-position-top elementor-widget elementor-widget-icon-box\" data-id=\"bada235\" data-element_type=\"widget\" data-widget_type=\"icon-box.default\">\n\t\t\t\t<div class=\"elementor-widget-container\">\n\t\t\t\t\t<div class=\"elementor-icon-box-wrapper\">\n\t\t\t\t\t\t<div class=\"elementor-icon-box-icon\">\n\t\t\t\t<span  class=\"elementor-icon elementor-animation-\">\n\t\t\t\t<svg xmlns=\"http:\/\/www.w3.org\/2000\/svg\" width=\"81\" height=\"81\" viewBox=\"0 0 81 81\" fill=\"none\"><rect x=\"0.113281\" y=\"0.380737\" width=\"80\" height=\"80\" rx=\"5\" fill=\"#D1E076\"><\/rect><mask id=\"mask0_1404_7172\" style=\"mask-type:luminance\" maskUnits=\"userSpaceOnUse\" x=\"11\" y=\"13\" width=\"58\" height=\"55\"><path fill-rule=\"evenodd\" clip-rule=\"evenodd\" d=\"M40.1132 65.3808C54.7323 65.3808 66.5838 53.1425 66.5838 44.7925C66.5838 36.4425 54.7323 24.2043 40.1132 24.2043C25.494 24.2043 13.6426 36.4513 13.6426 44.7925C13.6426 53.1337 25.494 65.3808 40.1132 65.3808Z\" fill=\"white\" stroke=\"white\" stroke-width=\"4\" stroke-linejoin=\"round\"><\/path><path d=\"M40.1131 53.6161C42.4532 53.6161 44.6975 52.6864 46.3523 51.0317C48.007 49.377 48.9366 47.1327 48.9366 44.7925C48.9366 42.4524 48.007 40.2081 46.3523 38.5533C44.6975 36.8986 42.4532 35.969 40.1131 35.969C37.7729 35.969 35.5286 36.8986 33.8739 38.5533C32.2192 40.2081 31.2896 42.4524 31.2896 44.7925C31.2896 47.1327 32.2192 49.377 33.8739 51.0317C35.5286 52.6864 37.7729 53.6161 40.1131 53.6161Z\" fill=\"black\" stroke=\"black\" stroke-width=\"4\" stroke-linejoin=\"round\"><\/path><path d=\"M24.3252 21.6543L28.1399 26.9778M57.209 22.3072L53.3928 27.6307M40.1267 15.3807V24.2043\" stroke=\"white\" stroke-width=\"4\" stroke-linecap=\"round\"><\/path><\/mask><g mask=\"url(#mask0_1404_7172)\"><path d=\"M4.81885 5.08661H75.4071V75.6748H4.81885V5.08661Z\" fill=\"#404B1C\"><\/path><\/g><\/svg>\t\t\t\t<\/span>\n\t\t\t<\/div>\n\t\t\t\t\t\t<div class=\"elementor-icon-box-content\">\n\t\t\t\t<h3 class=\"elementor-icon-box-title\">\n\t\t\t\t\t<span  >\n\t\t\t\t\t\tVis\u00e3o\t\t\t\t\t<\/span>\n\t\t\t\t<\/h3>\n\t\t\t\t\t\t\t\t\t<p class=\"elementor-icon-box-description\">\n\t\t\t\t\t\tLorem ipsum dolor sit amet, consectetur adipiscing elit. Ut elit tellus, luctus nec ullamcorper mattis, pulvinar dapibus leo.\t\t\t\t\t<\/p>\n\t\t\t\t\t\t\t<\/div>\n\t\t<\/div>\n\t\t\t\t<\/div>\n\t\t\t\t<\/div>\n\t\t\t\t\t<\/div>\n\t\t<\/div>\n\t\t\t\t<div class=\"elementor-column elementor-col-33 elementor-inner-column elementor-element elementor-element-af4f166\" data-id=\"af4f166\" data-element_type=\"column\" data-settings=\"{&quot;background_background&quot;:&quot;classic&quot;}\">\n\t\t\t<div class=\"elementor-widget-wrap elementor-element-populated\">\n\t\t\t\t\t\t\t\t<div class=\"elementor-element elementor-element-7eae16e elementor-view-default elementor-position-top elementor-mobile-position-top elementor-widget elementor-widget-icon-box\" data-id=\"7eae16e\" data-element_type=\"widget\" data-widget_type=\"icon-box.default\">\n\t\t\t\t<div class=\"elementor-widget-container\">\n\t\t\t\t\t<div class=\"elementor-icon-box-wrapper\">\n\t\t\t\t\t\t<div class=\"elementor-icon-box-icon\">\n\t\t\t\t<span  class=\"elementor-icon elementor-animation-\">\n\t\t\t\t<svg xmlns=\"http:\/\/www.w3.org\/2000\/svg\" width=\"81\" height=\"81\" viewBox=\"0 0 81 81\" fill=\"none\"><rect x=\"0.113281\" y=\"0.380737\" width=\"80\" height=\"80\" rx=\"5\" fill=\"#D1E076\"><\/rect><path d=\"M64.2066 50.0296C52.5677 58.8236 52.256 59.8399 49.4742 60.6672C46.1411 61.6513 42.9003 62.0709 41.6714 62.0709C39.776 62.0709 37.9193 61.4907 36.3664 60.402C33.8177 58.7055 33.4705 58.1463 32.3158 57.9264C32.1934 57.4776 32.3211 57.8587 27.0771 46.9297L29.8733 45.1945C33.1834 43.1444 37.5932 43.9898 39.9031 47.1232C40.3065 47.6647 40.942 47.9852 41.6217 47.9465L48.5237 47.6536C50.3214 47.5991 51.6687 48.8913 51.9222 50.4001L57.4538 46.2556C59.5199 44.6909 62.3283 44.8271 64.2398 46.3605C65.4015 47.2943 65.4181 49.0888 64.2066 50.0296Z\" fill=\"#404B1C\"><\/path><path d=\"M29.7562 60.5729L22.9085 63.8293C21.9904 64.2713 20.8877 63.8853 20.4457 62.967L15.2963 52.269C14.8543 51.3508 15.2404 50.2481 16.1586 49.8062L23.0062 46.5498C23.9244 46.1078 25.0271 46.4938 25.4691 47.4121L30.6184 58.1101C31.0604 59.0282 30.6744 60.1308 29.7562 60.5729Z\" fill=\"#404B1C\"><\/path><path d=\"M47.3081 39.1156C48.6067 39.729 52.9889 41.9449 56.2437 45.0892L52.5412 47.8633C50.8538 45.754 48.5487 46.0173 48.452 45.9954L41.5113 46.2939C41.4118 46.2939 41.3068 46.2331 41.235 46.1392C40.5001 45.1445 39.5717 44.3156 38.5217 43.7077C41.2682 41.4752 44.3185 39.8782 45.6226 39.2427C45.8679 37.2803 45.8101 35.2571 45.2579 33.3243C34.8719 33.5349 29.7567 28.0806 29.7354 18.2162C29.7354 17.4093 30.3708 16.7629 31.1777 16.7518C41.1983 16.6214 46.4906 21.8129 46.5124 31.8545C46.9894 25.3451 50.6263 21.8456 57.8517 21.8247C58.4596 21.8192 58.9514 22.3054 58.9569 22.9078C59.0414 30.2491 55.378 34.4403 47.5844 34.4627C47.4794 34.6892 47.3854 34.9269 47.3025 35.1645C47.4519 36.3581 47.4629 37.6733 47.3081 39.1156Z\" fill=\"#404B1C\"><\/path><\/svg>\t\t\t\t<\/span>\n\t\t\t<\/div>\n\t\t\t\t\t\t<div class=\"elementor-icon-box-content\">\n\t\t\t\t<h3 class=\"elementor-icon-box-title\">\n\t\t\t\t\t<span  >\n\t\t\t\t\t\tValores\t\t\t\t\t<\/span>\n\t\t\t\t<\/h3>\n\t\t\t\t\t\t\t\t\t<p class=\"elementor-icon-box-description\">\n\t\t\t\t\t\tLorem ipsum dolor sit amet, consectetur adipiscing elit. Ut elit tellus, luctus nec ullamcorper mattis, pulvinar dapibus leo.\t\t\t\t\t<\/p>\n\t\t\t\t\t\t\t<\/div>\n\t\t<\/div>\n\t\t\t\t<\/div>\n\t\t\t\t<\/div>\n\t\t\t\t\t<\/div>\n\t\t<\/div>\n\t\t\t\t\t\t\t<\/div>\n\t\t<\/section>\n\t\t\t\t\t<\/div>\n\t\t<\/div>\n\t\t\t\t\t\t\t<\/div>\n\t\t<\/section>\n\t\t\t\t<section class=\"elementor-section elementor-top-section elementor-element elementor-element-a451a76 elementor-section-full_width elementor-section-stretched elementor-section-height-default elementor-section-height-default\" data-id=\"a451a76\" data-element_type=\"section\" data-settings=\"{&quot;stretch_section&quot;:&quot;section-stretched&quot;,&quot;background_background&quot;:&quot;classic&quot;}\">\n\t\t\t\t\t\t<div class=\"elementor-container elementor-column-gap-no\">\n\t\t\t\t\t<div class=\"elementor-column elementor-col-100 elementor-top-column elementor-element elementor-element-96db4fd\" data-id=\"96db4fd\" data-element_type=\"column\">\n\t\t\t<div class=\"elementor-widget-wrap elementor-element-populated\">\n\t\t\t\t\t\t\t\t<div class=\"elementor-element elementor-element-0292f95 elementor-widget elementor-widget-image\" data-id=\"0292f95\" data-element_type=\"widget\" data-widget_type=\"image.default\">\n\t\t\t\t<div class=\"elementor-widget-container\">\n\t\t\t\t\t\t\t\t\t\t\t\t\t\t\t<img decoding=\"async\" width=\"3840\" height=\"276\" src=\"https:\/\/inovabr.info\/projetos\/chaleiraverde\/wp-content\/uploads\/2023\/12\/divisor.png\" class=\"attachment-full size-full wp-image-489\" alt=\"\" srcset=\"https:\/\/inovabr.info\/projetos\/chaleiraverde\/wp-content\/uploads\/2023\/12\/divisor.png 3840w, https:\/\/inovabr.info\/projetos\/chaleiraverde\/wp-content\/uploads\/2023\/12\/divisor-800x58.png 800w, https:\/\/inovabr.info\/projetos\/chaleiraverde\/wp-content\/uploads\/2023\/12\/divisor-1400x101.png 1400w, https:\/\/inovabr.info\/projetos\/chaleiraverde\/wp-content\/uploads\/2023\/12\/divisor-768x55.png 768w, https:\/\/inovabr.info\/projetos\/chaleiraverde\/wp-content\/uploads\/2023\/12\/divisor-1536x110.png 1536w, https:\/\/inovabr.info\/projetos\/chaleiraverde\/wp-content\/uploads\/2023\/12\/divisor-2048x147.png 2048w, https:\/\/inovabr.info\/projetos\/chaleiraverde\/wp-content\/uploads\/2023\/12\/divisor-510x37.png 510w\" sizes=\"(max-width: 3840px) 100vw, 3840px\" \/>\t\t\t\t\t\t\t\t\t\t\t\t\t\t\t<\/div>\n\t\t\t\t<\/div>\n\t\t\t\t\t<\/div>\n\t\t<\/div>\n\t\t\t\t\t\t\t<\/div>\n\t\t<\/section>\n\t\t\t\t<section class=\"elementor-section elementor-top-section elementor-element elementor-element-71e59bf elementor-section-boxed elementor-section-height-default elementor-section-height-default\" data-id=\"71e59bf\" data-element_type=\"section\" data-settings=\"{&quot;background_background&quot;:&quot;classic&quot;}\">\n\t\t\t\t\t\t<div class=\"elementor-container elementor-column-gap-default\">\n\t\t\t\t\t<div class=\"elementor-column elementor-col-50 elementor-top-column elementor-element elementor-element-a10d067\" data-id=\"a10d067\" data-element_type=\"column\">\n\t\t\t<div class=\"elementor-widget-wrap elementor-element-populated\">\n\t\t\t\t\t\t\t\t<div class=\"elementor-element elementor-element-e0b9c46 elementor-widget elementor-widget-image\" data-id=\"e0b9c46\" data-element_type=\"widget\" data-widget_type=\"image.default\">\n\t\t\t\t<div class=\"elementor-widget-container\">\n\t\t\t\t\t\t\t\t\t\t\t\t\t\t\t<img decoding=\"async\" width=\"668\" height=\"649\" src=\"https:\/\/inovabr.info\/projetos\/chaleiraverde\/wp-content\/uploads\/2023\/12\/Sobre-1.png\" class=\"attachment-full size-full wp-image-651\" alt=\"\" srcset=\"https:\/\/inovabr.info\/projetos\/chaleiraverde\/wp-content\/uploads\/2023\/12\/Sobre-1.png 668w, https:\/\/inovabr.info\/projetos\/chaleiraverde\/wp-content\/uploads\/2023\/12\/Sobre-1-412x400.png 412w, https:\/\/inovabr.info\/projetos\/chaleiraverde\/wp-content\/uploads\/2023\/12\/Sobre-1-510x495.png 510w, https:\/\/inovabr.info\/projetos\/chaleiraverde\/wp-content\/uploads\/2023\/12\/Sobre-1-64x62.png 64w\" sizes=\"(max-width: 668px) 100vw, 668px\" \/>\t\t\t\t\t\t\t\t\t\t\t\t\t\t\t<\/div>\n\t\t\t\t<\/div>\n\t\t\t\t\t<\/div>\n\t\t<\/div>\n\t\t\t\t<div class=\"elementor-column elementor-col-50 elementor-top-column elementor-element elementor-element-1bcde8b\" data-id=\"1bcde8b\" data-element_type=\"column\">\n\t\t\t<div class=\"elementor-widget-wrap elementor-element-populated\">\n\t\t\t\t\t\t\t\t<div class=\"elementor-element elementor-element-40846d3 elementor-widget elementor-widget-heading\" data-id=\"40846d3\" data-element_type=\"widget\" data-widget_type=\"heading.default\">\n\t\t\t\t<div class=\"elementor-widget-container\">\n\t\t\t<div class=\"elementor-heading-title elementor-size-default\">De onde v\u00eam os nossos ch\u00e1s?<\/div>\t\t<\/div>\n\t\t\t\t<\/div>\n\t\t\t\t<div class=\"elementor-element elementor-element-2cf24da elementor-widget elementor-widget-heading\" data-id=\"2cf24da\" data-element_type=\"widget\" data-widget_type=\"heading.default\">\n\t\t\t\t<div class=\"elementor-widget-container\">\n\t\t\t<h2 class=\"elementor-heading-title elementor-size-default\">Dos mais belos jardins do mundo!<\/h2>\t\t<\/div>\n\t\t\t\t<\/div>\n\t\t\t\t<div class=\"elementor-element elementor-element-0ac5c27 elementor-widget elementor-widget-text-editor\" data-id=\"0ac5c27\" data-element_type=\"widget\" data-widget_type=\"text-editor.default\">\n\t\t\t\t<div class=\"elementor-widget-container\">\n\t\t\t\t\t\t\t<p>Voc\u00ea pode confiar na <strong>seguran\u00e7a<\/strong> dos nossos produtos,<strong> padr\u00f5es de qualidade e pureza<\/strong>! Nosso fornecedor \u00e9 especialista em ch\u00e1s, atuando em mais de 70 pa\u00edses, com mais de 170 anos de tradi\u00e7\u00e3o e hist\u00f3ria na Alemanha \u2014 garantia de produtos seguros, de alta qualidade e em estrita conformidade com as leis e regulamentos aplic\u00e1veis nos pa\u00edses de origem. Quando se trata da melhor qualidade, nenhuma dist\u00e2ncia \u00e9 demais para n\u00f3s!<\/p>\t\t\t\t\t\t<\/div>\n\t\t\t\t<\/div>\n\t\t\t\t\t<\/div>\n\t\t<\/div>\n\t\t\t\t\t\t\t<\/div>\n\t\t<\/section>\n\t\t\t\t\t\t\t<\/div>\n\t\t","protected":false},"excerpt":{"rendered":"<p>Tudo sobre a nossa hist\u00f3ria Yorem ipsum dolor sit amet, consectetur adipiscing elit. Etiam eu turpis molestie, dictum est a, mattis tellus. Sed dignissim, metus nec fringilla accumsan, risus sem sollicitudin lacus, ut interdum tellus elit sed risus. Maecenas eget condimentum velit, sit amet feugiat lectus. Class aptent taciti sociosqu ad litora torquent per conubia [&#8230;]\n","protected":false},"author":1,"featured_media":0,"parent":0,"menu_order":0,"comment_status":"closed","ping_status":"closed","template":"elementor_header_footer","meta":{"footnotes":""},"class_list":["post-304","page","type-page","status-publish","hentry"],"_links":{"self":[{"href":"https:\/\/inovabr.info\/projetos\/chaleiraverde\/wp-json\/wp\/v2\/pages\/304","targetHints":{"allow":["GET"]}}],"collection":[{"href":"https:\/\/inovabr.info\/projetos\/chaleiraverde\/wp-json\/wp\/v2\/pages"}],"about":[{"href":"https:\/\/inovabr.info\/projetos\/chaleiraverde\/wp-json\/wp\/v2\/types\/page"}],"author":[{"embeddable":true,"href":"https:\/\/inovabr.info\/projetos\/chaleiraverde\/wp-json\/wp\/v2\/users\/1"}],"replies":[{"embeddable":true,"href":"https:\/\/inovabr.info\/projetos\/chaleiraverde\/wp-json\/wp\/v2\/comments?post=304"}],"version-history":[{"count":22,"href":"https:\/\/inovabr.info\/projetos\/chaleiraverde\/wp-json\/wp\/v2\/pages\/304\/revisions"}],"predecessor-version":[{"id":763,"href":"https:\/\/inovabr.info\/projetos\/chaleiraverde\/wp-json\/wp\/v2\/pages\/304\/revisions\/763"}],"wp:attachment":[{"href":"https:\/\/inovabr.info\/projetos\/chaleiraverde\/wp-json\/wp\/v2\/media?parent=304"}],"curies":[{"name":"wp","href":"https:\/\/api.w.org\/{rel}","templated":true}]}}